{"id":522,"date":"2016-05-24T15:40:00","date_gmt":"2016-05-24T13:40:00","guid":{"rendered":"https:\/\/coffeedesk.pl\/blog\/?page_id=522"},"modified":"2023-10-27T14:57:16","modified_gmt":"2023-10-27T12:57:16","slug":"o-coffeedesk","status":"publish","type":"page","link":"https:\/\/www.coffeedesk.pl\/blog\/o-coffeedesk\/","title":{"rendered":"O Coffeedesk"},"content":{"rendered":"<p>Gdy kto\u015b pyta czym zajmuje si\u0119\u00a0Coffeedesk to odpowiadamy: wszystkim co jest zwi\u0105zane z kaw\u0105. Nasz docelowy kana\u0142 dotarcia do wszystkich mi\u0142o\u015bnik\u00f3w kawy to sklep internetowy, gdzie realizujemy zam\u00f3wienia w 24h. Jednak poza tym zajmujemy si\u0119 tak\u017ce hurtem i dystrybucj\u0105 w systemie B2B oraz szeregiem us\u0142ug zwi\u0105zanych z kaw\u0105, np. obs\u0142ug\u0105 event\u00f3w, szkoleniami, konsultacjami. Swoj\u0105 siedzib\u0119 mamy w Ko\u0142obrzegu i tu te\u017c otworzyli\u015bmy nasz\u0105 pierwsz\u0105 kawiarni\u0119, po\u0142\u0105czon\u0105 z showroomem i pracowni\u0105. Lubimy te\u017c po prostu du\u017co o kawie rozmawia\u0107, jeste\u015bmy aktywni w social media, mo\u017cna nas spotka\u0107 na wielu eventach lub na mistrzostwach barist\u00f3w.<\/p>\n<p>Je\u015bli chcesz si\u0119 zakocha\u0107 w kawie, zacz\u0105\u0107 pi\u0107 lepsz\u0105 kaw\u0119 na co dzie\u0144, pozna\u0107 lepiej magi\u0119 tych ziaren, to zosta\u0144 z nami na d\u0142u\u017cej, tak jak dziesi\u0105tki tysi\u0119cy naszych wspania\u0142ych klient\u00f3w : )<\/p>\n<h2 id=\"zamow-najlepsza-kawe-prosto-pod-swoje-drzwi\">Zam\u00f3w najlepsz\u0105 kaw\u0119 prosto pod swoje drzwi<\/h2>\n<p>Jest tylko jedno takie miejsce, gdzie znajdziesz wszystko to czego potrzebujesz do zaparzenia dobrej kawy w domu! Pragn\u0119li\u015bmy zebra\u0107 wysokiej jako\u015bci produkty z ca\u0142ego \u015bwiata i da\u0107 mi\u0142o\u015bnikom kawy mo\u017cliwo\u015b\u0107 zam\u00f3wienia ich w jednym miejscu. Aktualnie mamy w ofercie a\u017c 50 marek\u00a0kawy, w tym 15 palarni\u00a0jako\u015bci speciality. \u0141\u0105cznie reprezentujemy ponad 100 r\u00f3\u017cnych producent\u00f3w, a co za tym idzie oferujemy ponad 2000 r\u00f3\u017cnych produkt\u00f3w, a wszystkie wysy\u0142amy do Ciebie w 24h.<\/p>\n<p>&nbsp;<\/p>\n<h2 id=\"supreme-service-i-115-stu-coffeedeskow\" class=\"cb-module-title\">Supreme Service i 115-stu Coffeedesk\u00f3w<\/h2>\n<p>Supreme Service to taki zlepek s\u0142\u00f3w, kt\u00f3ry wymy\u015blili\u015bmy sobie sami, by opisa\u0107 wyj\u0105tkow\u0105 obs\u0142ug\u0119 klienta. Naczytali\u015bmy si\u0119 ksi\u0105\u017cek o takim Zapposie, Virgin, Amazonie i stwierdzili\u015bmy, \u017ce my te\u017c w paczkach z dobr\u0105 kaw\u0105 chcemy dostarcza\u0107 ka\u017cdemu troch\u0119 rado\u015bci. Jednak wyj\u0105tkowa obs\u0142uga klienta to co\u015b na co pracuje ca\u0142a ekipa Coffeedesk, dlatego zwracamy tak du\u017c\u0105 uwag\u0119 na fajny i zgrany zesp\u00f3\u0142, kt\u00f3ry d\u0105\u017cy do tego by dawa\u0107 ludziom rado\u015b\u0107. Mamy zesp\u00f3\u0142 bezpo\u015bredniej obs\u0142ugi klienta, kt\u00f3ry potrafi stan\u0105\u0107 na g\u0142owie by zrobi\u0107 to co wydawa\u0142oby si\u0119 niemo\u017cliwe; osobny dzia\u0142 do spraw malowania kot\u00f3w (sic!); sprawnych magazynier\u00f3w, kt\u00f3rzy dzielnie naklejaj\u0105 koty na paczki, zakr\u0119cony team kreatywny od wymy\u015blania przer\u00f3\u017cnych promocji i plotkowania w social media; profesjonalnych handlowc\u00f3w, kt\u00f3rzy dostarczaj\u0105 kaw\u0119 do kawiarni, biur i sklep\u00f3w w ca\u0142ej Polsce; no i Zarz\u0105d, czyli trzech Prezes\u00f3w do spraw wszelkich. A tak serio, to jest nas ju\u017c ponad 115 os\u00f3b i gdyby tylko rado\u015b\u0107 mog\u0142a by\u0107 mierzalna to sta\u0142aby si\u0119 podstawowym KPI dla ka\u017cdego z nas : )<\/p>\n<p><img  loading=\"lazy\"  decoding=\"async\"  class=\"alignnone wp-image-939 size-full pk-lazyload\"  src=\"data:image\/png;base64,iVBORw0KGgoAAAANSUhEUgAAAAEAAAABAQMAAAAl21bKAAAAA1BMVEUAAP+KeNJXAAAAAXRSTlMAQObYZgAAAAlwSFlzAAAOxAAADsQBlSsOGwAAAApJREFUCNdjYAAAAAIAAeIhvDMAAAAASUVORK5CYII=\"  alt=\"pracownia coffeedesk (122)\"  width=\"2048\"  height=\"1367\"  data-pk-sizes=\"auto\"  data-ls-sizes=\"auto, (max-width: 2048px) 100vw, 2048px\"  data-pk-src=\"https:\/\/coffeedesk.pl\/blog\/wp-content\/uploads\/2016\/05\/pracownia-coffeedesk-122.jpg\"  data-pk-srcset=\"https:\/\/www.coffeedesk.pl\/blog\/wp-content\/uploads\/2016\/05\/pracownia-coffeedesk-122.jpg 2048w, https:\/\/www.coffeedesk.pl\/blog\/wp-content\/uploads\/2016\/05\/pracownia-coffeedesk-122-800x534.jpg 800w, https:\/\/www.coffeedesk.pl\/blog\/wp-content\/uploads\/2016\/05\/pracownia-coffeedesk-122-1160x774.jpg 1160w, https:\/\/www.coffeedesk.pl\/blog\/wp-content\/uploads\/2016\/05\/pracownia-coffeedesk-122-320x214.jpg 320w, https:\/\/www.coffeedesk.pl\/blog\/wp-content\/uploads\/2016\/05\/pracownia-coffeedesk-122-560x374.jpg 560w, https:\/\/www.coffeedesk.pl\/blog\/wp-content\/uploads\/2016\/05\/pracownia-coffeedesk-122-1920x1282.jpg 1920w\" ><\/p>\n<p style=\"padding-left: 30px; text-align: center;\">Mo\u017cesz pozna\u0107 ca\u0142\u0105 nasz\u0105 ekip\u0119 na <a href=\"https:\/\/coffeedesk.biz\/o-nas\/\" target=\"_blank\" rel=\"noopener noreferrer\">Coffeedesk.biz<\/a>!<\/p>\n<h2 id=\"sluzymy-nie-tylko-kawa\" class=\"cb-module-title\">S\u0142u\u017cymy nie tylko kaw\u0105<\/h2>\n<p>Skoro mamy ju\u017c tak\u0105 du\u017c\u0105 ekip\u0119,\u00a0w tym ca\u0142y sztab kawowych ekspert\u00f3w, to\u00a0jeste\u015bmy w stanie dostarcza\u0107 tak\u017ce us\u0142ugi, na najwy\u017cszym kawowym poziomie!\u00a0Je\u015bli poszukujesz partnera biznesowego do wprowadzenia Ci\u0119 w bran\u017ce HoReCa, sprzeda\u017c w e-commerce, czy prowadzenie w\u0142asnej kawiarni, to ch\u0119tnie podzielimy si\u0119 z Tob\u0105 swoim do\u015bwiadczeniem.\u00a0Uwielbiamy\u00a0kontakt z lud\u017ami i dzielenie si\u0119 zar\u00f3wno dobra kaw\u0105 jak i nasz\u0105 pasj\u0105, wi\u0119c organizujemy tak\u017ce przestrze\u0144 kawiarnian\u0105 na r\u00f3\u017cnych eventach, zar\u00f3wno tych biznesowych (i bardziej powa\u017cnych) jak i szalonych imprezach.<\/p>\n<p><a href=\"https:\/\/coffeedesk.biz\/\"><br \/>\n<img  loading=\"lazy\"  decoding=\"async\"  class=\"alignnone size-large wp-image-933 pk-lazyload\"  src=\"data:image\/png;base64,iVBORw0KGgoAAAANSUhEUgAAAAEAAAABAQMAAAAl21bKAAAAA1BMVEUAAP+KeNJXAAAAAXRSTlMAQObYZgAAAAlwSFlzAAAOxAAADsQBlSsOGwAAAApJREFUCNdjYAAAAAIAAeIhvDMAAAAASUVORK5CYII=\"  alt=\"\"  width=\"1160\"  height=\"429\"  data-pk-sizes=\"auto\"  data-ls-sizes=\"auto, (max-width: 1160px) 100vw, 1160px\"  data-pk-src=\"https:\/\/www.coffeedesk.pl\/blog\/wp-content\/uploads\/2016\/05\/Zrzut-ekranu-2016-08-23-13.59.04-1160x429.png\"  data-pk-srcset=\"https:\/\/www.coffeedesk.pl\/blog\/wp-content\/uploads\/2016\/05\/Zrzut-ekranu-2016-08-23-13.59.04-1160x429.png 1160w, https:\/\/www.coffeedesk.pl\/blog\/wp-content\/uploads\/2016\/05\/Zrzut-ekranu-2016-08-23-13.59.04-800x296.png 800w, https:\/\/www.coffeedesk.pl\/blog\/wp-content\/uploads\/2016\/05\/Zrzut-ekranu-2016-08-23-13.59.04-320x118.png 320w, https:\/\/www.coffeedesk.pl\/blog\/wp-content\/uploads\/2016\/05\/Zrzut-ekranu-2016-08-23-13.59.04-560x207.png 560w, https:\/\/www.coffeedesk.pl\/blog\/wp-content\/uploads\/2016\/05\/Zrzut-ekranu-2016-08-23-13.59.04.png 1440w\" ><\/a><\/p>\n<p class=\"cb-module-title\" style=\"text-align: center;\">\u00a0Zobacz co mo\u017cemy dla Ciebie zrobi\u0107 przechodz\u0105c na nasz\u0105 stron\u0119\u00a0<a href=\"https:\/\/www.coffeedesk.biz\" target=\"_blank\" rel=\"noopener noreferrer\">Coffeedesk.BIZ<\/a>.<\/p>\n<h2 id=\"wpadnij-do-nas-na-kawe\" class=\"cb-module-title\">Wpadnij do nas na kaw\u0119<\/h2>\n<p>Tak bardzo kochamy\u00a0kaw\u0119, \u017ce postanowili\u015bmy dzieli\u0107 si\u0119 nasz\u0105 pasj\u0105 na co dzie\u0144 w naszym mie\u015bcie &#8211;\u00a0Ko\u0142obrzegu! W poszukiwaniu inspiracji, zwiedzili\u015bmy ju\u017c ca\u0142\u0105 Europ\u0119 i p\u00f3\u0142 \u015bwiata, dlatego teraz mo\u017cecie\u00a0cieszy\u0107 si\u0119\u00a0miejscem z najwy\u017cszej jako\u015bci produktami, ekip\u0105 naszych zdolnych barist\u00f3w\u00a0<span class=\"oneline\">i designerskim wn\u0119trzem. Szczerze? Sami przesiadujemy w naszej kawiarni przed prac\u0105, po pracy, no i w weekendy &#8211; to po prostu miejsce\u00a0pe\u0142ne\u00a0zar\u00f3wno najlepszej\u00a0kawy jak i dobrej energii.\u00a0<\/span><\/p>\n<p>W jako\u015bci kawy nie mamy kompromis\u00f3w: serwujemy tylko pere\u0142ki jako\u015bci\u00a0speciality, czyli wyselekcjonowane ziarna arabiki z ca\u0142ego \u015bwiata, \u015bwie\u017co i jasno palone.\u00a0W\u0142a\u015bnie takie kawy u\u017cywane s\u0105 podczas Mistrzostw Polski i \u015awiata Barist\u00f3w, a Ty masz okazj\u0119 sprawdzi\u0107 ich smak w\u00a0naszej kawiarni. Obowi\u0105zkowo z domowym ciastem, kanapk\u0105 lub \u015bniadankiem ; )<\/p>\n<p><img  loading=\"lazy\"  decoding=\"async\"  class=\"alignnone size-large wp-image-934 pk-lazyload\"  src=\"data:image\/png;base64,iVBORw0KGgoAAAANSUhEUgAAAAEAAAABAQMAAAAl21bKAAAAA1BMVEUAAP+KeNJXAAAAAXRSTlMAQObYZgAAAAlwSFlzAAAOxAAADsQBlSsOGwAAAApJREFUCNdjYAAAAAIAAeIhvDMAAAAASUVORK5CYII=\"  alt=\"\"  width=\"1160\"  height=\"773\"  data-pk-sizes=\"auto\"  data-ls-sizes=\"auto, (max-width: 1160px) 100vw, 1160px\"  data-pk-src=\"https:\/\/www.coffeedesk.pl\/blog\/wp-content\/uploads\/2016\/05\/IMG_0075-1160x773.jpg\"  data-pk-srcset=\"https:\/\/www.coffeedesk.pl\/blog\/wp-content\/uploads\/2016\/05\/IMG_0075-1160x773.jpg 1160w, https:\/\/www.coffeedesk.pl\/blog\/wp-content\/uploads\/2016\/05\/IMG_0075-800x533.jpg 800w, https:\/\/www.coffeedesk.pl\/blog\/wp-content\/uploads\/2016\/05\/IMG_0075-320x213.jpg 320w, https:\/\/www.coffeedesk.pl\/blog\/wp-content\/uploads\/2016\/05\/IMG_0075-560x373.jpg 560w, https:\/\/www.coffeedesk.pl\/blog\/wp-content\/uploads\/2016\/05\/IMG_0075-1920x1280.jpg 1920w, https:\/\/www.coffeedesk.pl\/blog\/wp-content\/uploads\/2016\/05\/IMG_0075.jpg 3560w\" ><\/p>\n<p style=\"text-align: center;\"><a href=\"https:\/\/kawiarnia.coffeedesk.pl\/\" target=\"_blank\" rel=\"noopener noreferrer\">Dowiedz si\u0119 wi\u0119cej o naszej kawiarni i sprawd\u017a nasze menu!<\/a><\/p>\n<h2 id=\"prowadzisz-firme-swietnie-lubimy-robic-biznesy-%f0%9f%98%89\">Prowadzisz\u00a0firm\u0119? \u015awietnie, lubimy robi\u0107 biznesy \ud83d\ude09<\/h2>\n<p>Je\u015bli potrzebujesz wi\u0119kszej ilo\u015bci produkt\u00f3w, posiadasz sw\u00f3j numer identyfikacji podatkowej i wizja posiadania swojego indywidualnego opiekuna klienta wydaje Ci si\u0119 kusz\u0105ca, to zarejestruj si\u0119 w naszym panelu hurtowym. To taka specjalna wersja Coffeedeska, kt\u00f3ra u\u0142atwia biznesowe zakupy, a na dodatek przypisuje Ci spersonalizowane, biznesowe rabaty. \u00a0W ten spos\u00f3b sprawili\u015bmy, \u017ce nawet zakupy hurtowe s\u0105 \u0142atwe, szybkie i przyjemne ; ) Zobacz jak to mo\u017cliwe na <a href=\"https:\/\/www.b2b.coffeedesk.pl\" target=\"_blank\" rel=\"noopener noreferrer\">B2B.Coffeedesk.pl<\/a>.<\/p>\n<p><img  loading=\"lazy\"  decoding=\"async\"  class=\"alignnone wp-image-23639 size-medium pk-lazyload\"  src=\"data:image\/png;base64,iVBORw0KGgoAAAANSUhEUgAAAyAAAAHCAQMAAAAtrT+LAAAAA1BMVEUAAP+KeNJXAAAAAXRSTlMAQObYZgAAAAlwSFlzAAAOxAAADsQBlSsOGwAAAENJREFUeNrtwYEAAAAAw6D5U1\/hAFUBAAAAAAAAAAAAAAAAAAAAAAAAAAAAAAAAAAAAAAAAAAAAAAAAAAAAAAAAALwGsYoAAaRlbhAAAAAASUVORK5CYII=\"  alt=\"\"  width=\"800\"  height=\"450\"  data-pk-sizes=\"auto\"  data-ls-sizes=\"auto, (max-width: 800px) 100vw, 800px\"  data-pk-src=\"https:\/\/www.coffeedesk.pl\/blog\/wp-content\/uploads\/2023\/10\/coffeedesk_biz_blog_post-800x450.jpg\"  data-pk-srcset=\"https:\/\/www.coffeedesk.pl\/blog\/wp-content\/uploads\/2023\/10\/coffeedesk_biz_blog_post-800x450.jpg 800w, https:\/\/www.coffeedesk.pl\/blog\/wp-content\/uploads\/2023\/10\/coffeedesk_biz_blog_post-1160x653.jpg 1160w, https:\/\/www.coffeedesk.pl\/blog\/wp-content\/uploads\/2023\/10\/coffeedesk_biz_blog_post-1536x864.jpg 1536w, https:\/\/www.coffeedesk.pl\/blog\/wp-content\/uploads\/2023\/10\/coffeedesk_biz_blog_post-320x180.jpg 320w, https:\/\/www.coffeedesk.pl\/blog\/wp-content\/uploads\/2023\/10\/coffeedesk_biz_blog_post-560x315.jpg 560w, https:\/\/www.coffeedesk.pl\/blog\/wp-content\/uploads\/2023\/10\/coffeedesk_biz_blog_post.jpg 1920w\" ><\/p>\n<h2 id=\"o-blogu\">O blogu<\/h2>\n<p>Blog by\u0142 na naszej to-do-list od jaki\u015b\u2026 dw\u00f3ch lat! Postawili\u015bmy sobie wysok\u0105 poprzeczk\u0119 i mamy nadziej\u0119, \u017ce spe\u0142nimy nasze cele. Do wsp\u00f3\u0142pracy zaprosili\u015bmy naszych kawowych przyjaci\u00f3\u0142, osoby kt\u00f3re sami cenimy ze wzgl\u0119du na ich kawow\u0105 wiedz\u0119. Pragniemy porusza\u0107 nie tylko specjalistyczne kawowe dylematy, ale tak\u017ce lu\u017ano\u00a0skaka\u0107 po lekkich tematach. Blog ma by\u0107 miejscem dla Was, dlatego ch\u0119tnie dowiemy si\u0119 na czym najbardziej Wam zale\u017cy i odpowiemy na wszelkie sugestie odno\u015bnie tre\u015bci, dajcie nam zna\u0107! : )<\/p>\n","protected":false},"excerpt":{"rendered":"<div class=\"post-excerpt\">Gdy kto\u015b pyta czym zajmuje si\u0119\u00a0Coffeedesk to odpowiadamy: wszystkim co jest zwi\u0105zane z kaw\u0105. Nasz docelowy kana\u0142 dotarcia do wszystkich mi\u0142o\u015bnik\u00f3w kawy to sklep internetowy, gdzie realizujemy zam\u00f3wienia w 24h.&hellip;<\/div>\n<div class=\"post-more\"><a href=\"https:\/\/www.coffeedesk.pl\/blog\/o-coffeedesk\/\" class=\"button button-primary button-effect\"><span>Czytaj wpis<\/span><span><i class=\"cs-icon cs-icon-arrow-right\"><\/i><\/span><\/a><\/div>\n","protected":false},"author":1,"featured_media":1154,"parent":0,"menu_order":0,"comment_status":"closed","ping_status":"closed","template":"","meta":{"_acf_changed":false,"footnotes":""},"class_list":["post-522","page","type-page","status-publish","has-post-thumbnail"],"acf":[],"yoast_head":"<!-- This site is optimized with the Yoast SEO plugin v27.4 - https:\/\/yoast.com\/product\/yoast-seo-wordpress\/ -->\n<title>O Coffeedesk - Blog Coffeedesk.pl<\/title>\n<meta name=\"robots\" content=\"index, follow, max-snippet:-1, max-image-preview:large, max-video-preview:-1\" \/>\n<link rel=\"canonical\" href=\"https:\/\/www.coffeedesk.pl\/blog\/o-coffeedesk\/\" \/>\n<meta property=\"og:locale\" content=\"pl_PL\" \/>\n<meta property=\"og:type\" content=\"article\" \/>\n<meta property=\"og:title\" content=\"O Coffeedesk - Blog Coffeedesk.pl\" \/>\n<meta property=\"og:description\" content=\"Gdy kto\u015b pyta czym zajmuje si\u0119\u00a0Coffeedesk to odpowiadamy: wszystkim co jest zwi\u0105zane z kaw\u0105. Nasz docelowy kana\u0142 dotarcia do wszystkich mi\u0142o\u015bnik\u00f3w kawy to sklep internetowy, gdzie realizujemy zam\u00f3wienia w 24h.&hellip;Czytaj wpis\" \/>\n<meta property=\"og:url\" content=\"https:\/\/www.coffeedesk.pl\/blog\/o-coffeedesk\/\" \/>\n<meta property=\"og:site_name\" content=\"Blog Coffeedesk.pl\" \/>\n<meta property=\"article:modified_time\" content=\"2023-10-27T12:57:16+00:00\" \/>\n<meta property=\"og:image\" content=\"https:\/\/www.coffeedesk.pl\/blog\/wp-content\/uploads\/2016\/05\/blog_o_coffeedesk_2.jpg\" \/>\n\t<meta property=\"og:image:width\" content=\"1920\" \/>\n\t<meta property=\"og:image:height\" content=\"734\" \/>\n\t<meta property=\"og:image:type\" content=\"image\/jpeg\" \/>\n<meta name=\"twitter:card\" content=\"summary_large_image\" \/>\n<meta name=\"twitter:label1\" content=\"Szacowany czas czytania\" \/>\n\t<meta name=\"twitter:data1\" content=\"6 minut\" \/>\n<script type=\"application\/ld+json\" class=\"yoast-schema-graph\">{\"@context\":\"https:\\\/\\\/schema.org\",\"@graph\":[{\"@type\":\"WebPage\",\"@id\":\"https:\\\/\\\/www.coffeedesk.pl\\\/blog\\\/o-coffeedesk\\\/\",\"url\":\"https:\\\/\\\/www.coffeedesk.pl\\\/blog\\\/o-coffeedesk\\\/\",\"name\":\"O Coffeedesk - Blog Coffeedesk.pl\",\"isPartOf\":{\"@id\":\"https:\\\/\\\/www.coffeedesk.pl\\\/blog\\\/#website\"},\"primaryImageOfPage\":{\"@id\":\"https:\\\/\\\/www.coffeedesk.pl\\\/blog\\\/o-coffeedesk\\\/#primaryimage\"},\"image\":{\"@id\":\"https:\\\/\\\/www.coffeedesk.pl\\\/blog\\\/o-coffeedesk\\\/#primaryimage\"},\"thumbnailUrl\":\"https:\\\/\\\/www.coffeedesk.pl\\\/blog\\\/wp-content\\\/uploads\\\/2016\\\/05\\\/blog_o_coffeedesk_2.jpg\",\"datePublished\":\"2016-05-24T13:40:00+00:00\",\"dateModified\":\"2023-10-27T12:57:16+00:00\",\"breadcrumb\":{\"@id\":\"https:\\\/\\\/www.coffeedesk.pl\\\/blog\\\/o-coffeedesk\\\/#breadcrumb\"},\"inLanguage\":\"pl-PL\",\"potentialAction\":[{\"@type\":\"ReadAction\",\"target\":[\"https:\\\/\\\/www.coffeedesk.pl\\\/blog\\\/o-coffeedesk\\\/\"]}]},{\"@type\":\"ImageObject\",\"inLanguage\":\"pl-PL\",\"@id\":\"https:\\\/\\\/www.coffeedesk.pl\\\/blog\\\/o-coffeedesk\\\/#primaryimage\",\"url\":\"https:\\\/\\\/www.coffeedesk.pl\\\/blog\\\/wp-content\\\/uploads\\\/2016\\\/05\\\/blog_o_coffeedesk_2.jpg\",\"contentUrl\":\"https:\\\/\\\/www.coffeedesk.pl\\\/blog\\\/wp-content\\\/uploads\\\/2016\\\/05\\\/blog_o_coffeedesk_2.jpg\",\"width\":1920,\"height\":734},{\"@type\":\"BreadcrumbList\",\"@id\":\"https:\\\/\\\/www.coffeedesk.pl\\\/blog\\\/o-coffeedesk\\\/#breadcrumb\",\"itemListElement\":[{\"@type\":\"ListItem\",\"position\":1,\"name\":\"Strona g\u0142\u00f3wna\",\"item\":\"https:\\\/\\\/www.coffeedesk.pl\\\/blog\\\/\"},{\"@type\":\"ListItem\",\"position\":2,\"name\":\"O Coffeedesk\"}]},{\"@type\":\"WebSite\",\"@id\":\"https:\\\/\\\/www.coffeedesk.pl\\\/blog\\\/#website\",\"url\":\"https:\\\/\\\/www.coffeedesk.pl\\\/blog\\\/\",\"name\":\"Blog Coffeedesk.pl\",\"description\":\"\",\"publisher\":{\"@id\":\"https:\\\/\\\/www.coffeedesk.pl\\\/blog\\\/#organization\"},\"potentialAction\":[{\"@type\":\"SearchAction\",\"target\":{\"@type\":\"EntryPoint\",\"urlTemplate\":\"https:\\\/\\\/www.coffeedesk.pl\\\/blog\\\/?s={search_term_string}\"},\"query-input\":{\"@type\":\"PropertyValueSpecification\",\"valueRequired\":true,\"valueName\":\"search_term_string\"}}],\"inLanguage\":\"pl-PL\"},{\"@type\":\"Organization\",\"@id\":\"https:\\\/\\\/www.coffeedesk.pl\\\/blog\\\/#organization\",\"name\":\"Coffeedesk.pl\",\"url\":\"https:\\\/\\\/www.coffeedesk.pl\\\/blog\\\/\",\"logo\":{\"@type\":\"ImageObject\",\"inLanguage\":\"pl-PL\",\"@id\":\"https:\\\/\\\/www.coffeedesk.pl\\\/blog\\\/#\\\/schema\\\/logo\\\/image\\\/\",\"url\":\"https:\\\/\\\/www.coffeedesk.pl\\\/blog\\\/wp-content\\\/uploads\\\/2019\\\/10\\\/logo_color.png\",\"contentUrl\":\"https:\\\/\\\/www.coffeedesk.pl\\\/blog\\\/wp-content\\\/uploads\\\/2019\\\/10\\\/logo_color.png\",\"width\":246,\"height\":50,\"caption\":\"Coffeedesk.pl\"},\"image\":{\"@id\":\"https:\\\/\\\/www.coffeedesk.pl\\\/blog\\\/#\\\/schema\\\/logo\\\/image\\\/\"}}]}<\/script>\n<!-- \/ Yoast SEO plugin. -->","yoast_head_json":{"title":"O Coffeedesk - Blog Coffeedesk.pl","robots":{"index":"index","follow":"follow","max-snippet":"max-snippet:-1","max-image-preview":"max-image-preview:large","max-video-preview":"max-video-preview:-1"},"canonical":"https:\/\/www.coffeedesk.pl\/blog\/o-coffeedesk\/","og_locale":"pl_PL","og_type":"article","og_title":"O Coffeedesk - Blog Coffeedesk.pl","og_description":"Gdy kto\u015b pyta czym zajmuje si\u0119\u00a0Coffeedesk to odpowiadamy: wszystkim co jest zwi\u0105zane z kaw\u0105. Nasz docelowy kana\u0142 dotarcia do wszystkich mi\u0142o\u015bnik\u00f3w kawy to sklep internetowy, gdzie realizujemy zam\u00f3wienia w 24h.&hellip;Czytaj wpis","og_url":"https:\/\/www.coffeedesk.pl\/blog\/o-coffeedesk\/","og_site_name":"Blog Coffeedesk.pl","article_modified_time":"2023-10-27T12:57:16+00:00","og_image":[{"width":1920,"height":734,"url":"https:\/\/www.coffeedesk.pl\/blog\/wp-content\/uploads\/2016\/05\/blog_o_coffeedesk_2.jpg","type":"image\/jpeg"}],"twitter_card":"summary_large_image","twitter_misc":{"Szacowany czas czytania":"6 minut"},"schema":{"@context":"https:\/\/schema.org","@graph":[{"@type":"WebPage","@id":"https:\/\/www.coffeedesk.pl\/blog\/o-coffeedesk\/","url":"https:\/\/www.coffeedesk.pl\/blog\/o-coffeedesk\/","name":"O Coffeedesk - Blog Coffeedesk.pl","isPartOf":{"@id":"https:\/\/www.coffeedesk.pl\/blog\/#website"},"primaryImageOfPage":{"@id":"https:\/\/www.coffeedesk.pl\/blog\/o-coffeedesk\/#primaryimage"},"image":{"@id":"https:\/\/www.coffeedesk.pl\/blog\/o-coffeedesk\/#primaryimage"},"thumbnailUrl":"https:\/\/www.coffeedesk.pl\/blog\/wp-content\/uploads\/2016\/05\/blog_o_coffeedesk_2.jpg","datePublished":"2016-05-24T13:40:00+00:00","dateModified":"2023-10-27T12:57:16+00:00","breadcrumb":{"@id":"https:\/\/www.coffeedesk.pl\/blog\/o-coffeedesk\/#breadcrumb"},"inLanguage":"pl-PL","potentialAction":[{"@type":"ReadAction","target":["https:\/\/www.coffeedesk.pl\/blog\/o-coffeedesk\/"]}]},{"@type":"ImageObject","inLanguage":"pl-PL","@id":"https:\/\/www.coffeedesk.pl\/blog\/o-coffeedesk\/#primaryimage","url":"https:\/\/www.coffeedesk.pl\/blog\/wp-content\/uploads\/2016\/05\/blog_o_coffeedesk_2.jpg","contentUrl":"https:\/\/www.coffeedesk.pl\/blog\/wp-content\/uploads\/2016\/05\/blog_o_coffeedesk_2.jpg","width":1920,"height":734},{"@type":"BreadcrumbList","@id":"https:\/\/www.coffeedesk.pl\/blog\/o-coffeedesk\/#breadcrumb","itemListElement":[{"@type":"ListItem","position":1,"name":"Strona g\u0142\u00f3wna","item":"https:\/\/www.coffeedesk.pl\/blog\/"},{"@type":"ListItem","position":2,"name":"O Coffeedesk"}]},{"@type":"WebSite","@id":"https:\/\/www.coffeedesk.pl\/blog\/#website","url":"https:\/\/www.coffeedesk.pl\/blog\/","name":"Blog Coffeedesk.pl","description":"","publisher":{"@id":"https:\/\/www.coffeedesk.pl\/blog\/#organization"},"potentialAction":[{"@type":"SearchAction","target":{"@type":"EntryPoint","urlTemplate":"https:\/\/www.coffeedesk.pl\/blog\/?s={search_term_string}"},"query-input":{"@type":"PropertyValueSpecification","valueRequired":true,"valueName":"search_term_string"}}],"inLanguage":"pl-PL"},{"@type":"Organization","@id":"https:\/\/www.coffeedesk.pl\/blog\/#organization","name":"Coffeedesk.pl","url":"https:\/\/www.coffeedesk.pl\/blog\/","logo":{"@type":"ImageObject","inLanguage":"pl-PL","@id":"https:\/\/www.coffeedesk.pl\/blog\/#\/schema\/logo\/image\/","url":"https:\/\/www.coffeedesk.pl\/blog\/wp-content\/uploads\/2019\/10\/logo_color.png","contentUrl":"https:\/\/www.coffeedesk.pl\/blog\/wp-content\/uploads\/2019\/10\/logo_color.png","width":246,"height":50,"caption":"Coffeedesk.pl"},"image":{"@id":"https:\/\/www.coffeedesk.pl\/blog\/#\/schema\/logo\/image\/"}}]}},"_links":{"self":[{"href":"https:\/\/www.coffeedesk.pl\/blog\/wp-json\/wp\/v2\/pages\/522","targetHints":{"allow":["GET"]}}],"collection":[{"href":"https:\/\/www.coffeedesk.pl\/blog\/wp-json\/wp\/v2\/pages"}],"about":[{"href":"https:\/\/www.coffeedesk.pl\/blog\/wp-json\/wp\/v2\/types\/page"}],"author":[{"embeddable":true,"href":"https:\/\/www.coffeedesk.pl\/blog\/wp-json\/wp\/v2\/users\/1"}],"replies":[{"embeddable":true,"href":"https:\/\/www.coffeedesk.pl\/blog\/wp-json\/wp\/v2\/comments?post=522"}],"version-history":[{"count":15,"href":"https:\/\/www.coffeedesk.pl\/blog\/wp-json\/wp\/v2\/pages\/522\/revisions"}],"predecessor-version":[{"id":23641,"href":"https:\/\/www.coffeedesk.pl\/blog\/wp-json\/wp\/v2\/pages\/522\/revisions\/23641"}],"wp:featuredmedia":[{"embeddable":true,"href":"https:\/\/www.coffeedesk.pl\/blog\/wp-json\/wp\/v2\/media\/1154"}],"wp:attachment":[{"href":"https:\/\/www.coffeedesk.pl\/blog\/wp-json\/wp\/v2\/media?parent=522"}],"curies":[{"name":"wp","href":"https:\/\/api.w.org\/{rel}","templated":true}]}}