{"id":526,"date":"2016-05-24T15:45:26","date_gmt":"2016-05-24T13:45:26","guid":{"rendered":"https:\/\/coffeedesk.pl\/blog\/?page_id=526"},"modified":"2019-10-23T10:12:42","modified_gmt":"2019-10-23T08:12:42","slug":"autorzy","status":"publish","type":"page","link":"https:\/\/www.coffeedesk.pl\/blog\/autorzy\/","title":{"rendered":"Autorzy"},"content":{"rendered":"<p style=\"text-align: left;\">Chcemy promowa\u0107 kaw\u0119 wysokiej jako\u015bci, alternatywne metody parzenia i szerzy\u0107 mi\u0142o\u015b\u0107 do kawy i herbaty. W jednym miejscu zebrali\u015bmy specjalist\u00f3w tworz\u0105cych ekip\u0119 Coffeedesk oraz naszych kawowych przyjaci\u00f3\u0142 z ca\u0142ej Polski, by dostarcza\u0107 Wam r\u00f3\u017cnorodne tre\u015bci na najwy\u017cszym poziomie. Ch\u0119tnie porozmawiamy z Wami o kawie i naszych tekstach, kontakt bezpo\u015bredni znajdziecie przy ka\u017cdym z nas. A je\u015bli gryz\u0105 Was kawowe dylematy lub ch\u0119tnie by\u015bcie o czym\u015b przeczytali to koniecznie dajcie nam zna\u0107! \ud83d\ude42<\/p>\n","protected":false},"excerpt":{"rendered":"<div class=\"post-excerpt\">Chcemy promowa\u0107 kaw\u0119 wysokiej jako\u015bci, alternatywne metody parzenia i szerzy\u0107 mi\u0142o\u015b\u0107 do kawy i herbaty. W jednym miejscu zebrali\u015bmy specjalist\u00f3w tworz\u0105cych ekip\u0119 Coffeedesk oraz naszych kawowych przyjaci\u00f3\u0142 z ca\u0142ej Polski,&hellip;<\/div>\n<div class=\"post-more\"><a href=\"https:\/\/www.coffeedesk.pl\/blog\/autorzy\/\" class=\"button button-primary button-effect\"><span>Czytaj wpis<\/span><span><i class=\"cs-icon cs-icon-arrow-right\"><\/i><\/span><\/a><\/div>\n","protected":false},"author":1,"featured_media":617,"parent":0,"menu_order":0,"comment_status":"closed","ping_status":"closed","template":"template-meet-team.php","meta":{"_acf_changed":false,"footnotes":""},"class_list":["post-526","page","type-page","status-publish","has-post-thumbnail"],"acf":[],"yoast_head":"<!-- This site is optimized with the Yoast SEO plugin v27.4 - https:\/\/yoast.com\/product\/yoast-seo-wordpress\/ -->\n<title>Autorzy - Blog Coffeedesk.pl<\/title>\n<meta name=\"robots\" content=\"index, follow, max-snippet:-1, max-image-preview:large, max-video-preview:-1\" \/>\n<link rel=\"canonical\" href=\"https:\/\/www.coffeedesk.pl\/blog\/autorzy\/\" \/>\n<meta property=\"og:locale\" content=\"pl_PL\" \/>\n<meta property=\"og:type\" content=\"article\" \/>\n<meta property=\"og:title\" content=\"Autorzy - Blog Coffeedesk.pl\" \/>\n<meta property=\"og:description\" content=\"Chcemy promowa\u0107 kaw\u0119 wysokiej jako\u015bci, alternatywne metody parzenia i szerzy\u0107 mi\u0142o\u015b\u0107 do kawy i herbaty. W jednym miejscu zebrali\u015bmy specjalist\u00f3w tworz\u0105cych ekip\u0119 Coffeedesk oraz naszych kawowych przyjaci\u00f3\u0142 z ca\u0142ej Polski,&hellip;Czytaj wpis\" \/>\n<meta property=\"og:url\" content=\"https:\/\/www.coffeedesk.pl\/blog\/autorzy\/\" \/>\n<meta property=\"og:site_name\" content=\"Blog Coffeedesk.pl\" \/>\n<meta property=\"article:modified_time\" content=\"2019-10-23T08:12:42+00:00\" \/>\n<meta property=\"og:image\" content=\"https:\/\/www.coffeedesk.pl\/blog\/wp-content\/uploads\/2016\/05\/wladzia.jpg\" \/>\n\t<meta property=\"og:image:width\" content=\"1920\" \/>\n\t<meta property=\"og:image:height\" content=\"820\" \/>\n\t<meta property=\"og:image:type\" content=\"image\/jpeg\" \/>\n<meta name=\"twitter:card\" content=\"summary_large_image\" \/>\n<script type=\"application\/ld+json\" class=\"yoast-schema-graph\">{\"@context\":\"https:\\\/\\\/schema.org\",\"@graph\":[{\"@type\":\"WebPage\",\"@id\":\"https:\\\/\\\/www.coffeedesk.pl\\\/blog\\\/autorzy\\\/\",\"url\":\"https:\\\/\\\/www.coffeedesk.pl\\\/blog\\\/autorzy\\\/\",\"name\":\"Autorzy - Blog Coffeedesk.pl\",\"isPartOf\":{\"@id\":\"https:\\\/\\\/www.coffeedesk.pl\\\/blog\\\/#website\"},\"primaryImageOfPage\":{\"@id\":\"https:\\\/\\\/www.coffeedesk.pl\\\/blog\\\/autorzy\\\/#primaryimage\"},\"image\":{\"@id\":\"https:\\\/\\\/www.coffeedesk.pl\\\/blog\\\/autorzy\\\/#primaryimage\"},\"thumbnailUrl\":\"https:\\\/\\\/www.coffeedesk.pl\\\/blog\\\/wp-content\\\/uploads\\\/2016\\\/05\\\/wladzia.jpg\",\"datePublished\":\"2016-05-24T13:45:26+00:00\",\"dateModified\":\"2019-10-23T08:12:42+00:00\",\"breadcrumb\":{\"@id\":\"https:\\\/\\\/www.coffeedesk.pl\\\/blog\\\/autorzy\\\/#breadcrumb\"},\"inLanguage\":\"pl-PL\",\"potentialAction\":[{\"@type\":\"ReadAction\",\"target\":[\"https:\\\/\\\/www.coffeedesk.pl\\\/blog\\\/autorzy\\\/\"]}]},{\"@type\":\"ImageObject\",\"inLanguage\":\"pl-PL\",\"@id\":\"https:\\\/\\\/www.coffeedesk.pl\\\/blog\\\/autorzy\\\/#primaryimage\",\"url\":\"https:\\\/\\\/www.coffeedesk.pl\\\/blog\\\/wp-content\\\/uploads\\\/2016\\\/05\\\/wladzia.jpg\",\"contentUrl\":\"https:\\\/\\\/www.coffeedesk.pl\\\/blog\\\/wp-content\\\/uploads\\\/2016\\\/05\\\/wladzia.jpg\",\"width\":1920,\"height\":820},{\"@type\":\"BreadcrumbList\",\"@id\":\"https:\\\/\\\/www.coffeedesk.pl\\\/blog\\\/autorzy\\\/#breadcrumb\",\"itemListElement\":[{\"@type\":\"ListItem\",\"position\":1,\"name\":\"Strona g\u0142\u00f3wna\",\"item\":\"https:\\\/\\\/www.coffeedesk.pl\\\/blog\\\/\"},{\"@type\":\"ListItem\",\"position\":2,\"name\":\"Autorzy\"}]},{\"@type\":\"WebSite\",\"@id\":\"https:\\\/\\\/www.coffeedesk.pl\\\/blog\\\/#website\",\"url\":\"https:\\\/\\\/www.coffeedesk.pl\\\/blog\\\/\",\"name\":\"Blog Coffeedesk.pl\",\"description\":\"\",\"publisher\":{\"@id\":\"https:\\\/\\\/www.coffeedesk.pl\\\/blog\\\/#organization\"},\"potentialAction\":[{\"@type\":\"SearchAction\",\"target\":{\"@type\":\"EntryPoint\",\"urlTemplate\":\"https:\\\/\\\/www.coffeedesk.pl\\\/blog\\\/?s={search_term_string}\"},\"query-input\":{\"@type\":\"PropertyValueSpecification\",\"valueRequired\":true,\"valueName\":\"search_term_string\"}}],\"inLanguage\":\"pl-PL\"},{\"@type\":\"Organization\",\"@id\":\"https:\\\/\\\/www.coffeedesk.pl\\\/blog\\\/#organization\",\"name\":\"Coffeedesk.pl\",\"url\":\"https:\\\/\\\/www.coffeedesk.pl\\\/blog\\\/\",\"logo\":{\"@type\":\"ImageObject\",\"inLanguage\":\"pl-PL\",\"@id\":\"https:\\\/\\\/www.coffeedesk.pl\\\/blog\\\/#\\\/schema\\\/logo\\\/image\\\/\",\"url\":\"https:\\\/\\\/www.coffeedesk.pl\\\/blog\\\/wp-content\\\/uploads\\\/2019\\\/10\\\/logo_color.png\",\"contentUrl\":\"https:\\\/\\\/www.coffeedesk.pl\\\/blog\\\/wp-content\\\/uploads\\\/2019\\\/10\\\/logo_color.png\",\"width\":246,\"height\":50,\"caption\":\"Coffeedesk.pl\"},\"image\":{\"@id\":\"https:\\\/\\\/www.coffeedesk.pl\\\/blog\\\/#\\\/schema\\\/logo\\\/image\\\/\"}}]}<\/script>\n<!-- \/ Yoast SEO plugin. -->","yoast_head_json":{"title":"Autorzy - Blog Coffeedesk.pl","robots":{"index":"index","follow":"follow","max-snippet":"max-snippet:-1","max-image-preview":"max-image-preview:large","max-video-preview":"max-video-preview:-1"},"canonical":"https:\/\/www.coffeedesk.pl\/blog\/autorzy\/","og_locale":"pl_PL","og_type":"article","og_title":"Autorzy - Blog Coffeedesk.pl","og_description":"Chcemy promowa\u0107 kaw\u0119 wysokiej jako\u015bci, alternatywne metody parzenia i szerzy\u0107 mi\u0142o\u015b\u0107 do kawy i herbaty. W jednym miejscu zebrali\u015bmy specjalist\u00f3w tworz\u0105cych ekip\u0119 Coffeedesk oraz naszych kawowych przyjaci\u00f3\u0142 z ca\u0142ej Polski,&hellip;Czytaj wpis","og_url":"https:\/\/www.coffeedesk.pl\/blog\/autorzy\/","og_site_name":"Blog Coffeedesk.pl","article_modified_time":"2019-10-23T08:12:42+00:00","og_image":[{"width":1920,"height":820,"url":"https:\/\/www.coffeedesk.pl\/blog\/wp-content\/uploads\/2016\/05\/wladzia.jpg","type":"image\/jpeg"}],"twitter_card":"summary_large_image","schema":{"@context":"https:\/\/schema.org","@graph":[{"@type":"WebPage","@id":"https:\/\/www.coffeedesk.pl\/blog\/autorzy\/","url":"https:\/\/www.coffeedesk.pl\/blog\/autorzy\/","name":"Autorzy - Blog Coffeedesk.pl","isPartOf":{"@id":"https:\/\/www.coffeedesk.pl\/blog\/#website"},"primaryImageOfPage":{"@id":"https:\/\/www.coffeedesk.pl\/blog\/autorzy\/#primaryimage"},"image":{"@id":"https:\/\/www.coffeedesk.pl\/blog\/autorzy\/#primaryimage"},"thumbnailUrl":"https:\/\/www.coffeedesk.pl\/blog\/wp-content\/uploads\/2016\/05\/wladzia.jpg","datePublished":"2016-05-24T13:45:26+00:00","dateModified":"2019-10-23T08:12:42+00:00","breadcrumb":{"@id":"https:\/\/www.coffeedesk.pl\/blog\/autorzy\/#breadcrumb"},"inLanguage":"pl-PL","potentialAction":[{"@type":"ReadAction","target":["https:\/\/www.coffeedesk.pl\/blog\/autorzy\/"]}]},{"@type":"ImageObject","inLanguage":"pl-PL","@id":"https:\/\/www.coffeedesk.pl\/blog\/autorzy\/#primaryimage","url":"https:\/\/www.coffeedesk.pl\/blog\/wp-content\/uploads\/2016\/05\/wladzia.jpg","contentUrl":"https:\/\/www.coffeedesk.pl\/blog\/wp-content\/uploads\/2016\/05\/wladzia.jpg","width":1920,"height":820},{"@type":"BreadcrumbList","@id":"https:\/\/www.coffeedesk.pl\/blog\/autorzy\/#breadcrumb","itemListElement":[{"@type":"ListItem","position":1,"name":"Strona g\u0142\u00f3wna","item":"https:\/\/www.coffeedesk.pl\/blog\/"},{"@type":"ListItem","position":2,"name":"Autorzy"}]},{"@type":"WebSite","@id":"https:\/\/www.coffeedesk.pl\/blog\/#website","url":"https:\/\/www.coffeedesk.pl\/blog\/","name":"Blog Coffeedesk.pl","description":"","publisher":{"@id":"https:\/\/www.coffeedesk.pl\/blog\/#organization"},"potentialAction":[{"@type":"SearchAction","target":{"@type":"EntryPoint","urlTemplate":"https:\/\/www.coffeedesk.pl\/blog\/?s={search_term_string}"},"query-input":{"@type":"PropertyValueSpecification","valueRequired":true,"valueName":"search_term_string"}}],"inLanguage":"pl-PL"},{"@type":"Organization","@id":"https:\/\/www.coffeedesk.pl\/blog\/#organization","name":"Coffeedesk.pl","url":"https:\/\/www.coffeedesk.pl\/blog\/","logo":{"@type":"ImageObject","inLanguage":"pl-PL","@id":"https:\/\/www.coffeedesk.pl\/blog\/#\/schema\/logo\/image\/","url":"https:\/\/www.coffeedesk.pl\/blog\/wp-content\/uploads\/2019\/10\/logo_color.png","contentUrl":"https:\/\/www.coffeedesk.pl\/blog\/wp-content\/uploads\/2019\/10\/logo_color.png","width":246,"height":50,"caption":"Coffeedesk.pl"},"image":{"@id":"https:\/\/www.coffeedesk.pl\/blog\/#\/schema\/logo\/image\/"}}]}},"_links":{"self":[{"href":"https:\/\/www.coffeedesk.pl\/blog\/wp-json\/wp\/v2\/pages\/526","targetHints":{"allow":["GET"]}}],"collection":[{"href":"https:\/\/www.coffeedesk.pl\/blog\/wp-json\/wp\/v2\/pages"}],"about":[{"href":"https:\/\/www.coffeedesk.pl\/blog\/wp-json\/wp\/v2\/types\/page"}],"author":[{"embeddable":true,"href":"https:\/\/www.coffeedesk.pl\/blog\/wp-json\/wp\/v2\/users\/1"}],"replies":[{"embeddable":true,"href":"https:\/\/www.coffeedesk.pl\/blog\/wp-json\/wp\/v2\/comments?post=526"}],"version-history":[{"count":6,"href":"https:\/\/www.coffeedesk.pl\/blog\/wp-json\/wp\/v2\/pages\/526\/revisions"}],"predecessor-version":[{"id":7376,"href":"https:\/\/www.coffeedesk.pl\/blog\/wp-json\/wp\/v2\/pages\/526\/revisions\/7376"}],"wp:featuredmedia":[{"embeddable":true,"href":"https:\/\/www.coffeedesk.pl\/blog\/wp-json\/wp\/v2\/media\/617"}],"wp:attachment":[{"href":"https:\/\/www.coffeedesk.pl\/blog\/wp-json\/wp\/v2\/media?parent=526"}],"curies":[{"name":"wp","href":"https:\/\/api.w.org\/{rel}","templated":true}]}}