{"id":530,"date":"2016-05-24T15:46:45","date_gmt":"2016-05-24T13:46:45","guid":{"rendered":"https:\/\/coffeedesk.pl\/blog\/?page_id=530"},"modified":"2019-10-05T21:56:39","modified_gmt":"2019-10-05T19:56:39","slug":"kontakt","status":"publish","type":"page","link":"https:\/\/www.coffeedesk.pl\/blog\/kontakt\/","title":{"rendered":"Kontakt"},"content":{"rendered":"\t\t\t<div class=\"pk-row\">\n\t\t\t\t\t\t\t<div class=\"pk-col-md-4\">\n\t\t\t\t\n<h3 id=\"biuro\">Biuro<\/h3>\n\t\t\t<\/div>\n\t\t\t\t\t<div class=\"pk-col-md-8\">\n\t\t\t\t\n<address>\n<div><i class=\"fa fa-map-marker\"><\/i> Adres: ul. Sienkiewicza 12, 78-100 Ko\u0142obrzeg<\/div>\n<div><i class=\"fa fa-phone\"><\/i> Telefon: 730 882 525<\/div>\n<div><i class=\"fa fa-envelope\"><\/i> Email: biuro@coffeedesk.pl<\/div>\n<div><i class=\"fa fa-clock-o\"><\/i> Poniedzia\u0142ek &#8211; pi\u0105tek 8<sup>00<\/sup> &#8211; 16<sup>00<\/sup><\/div>\n<\/address>\n\t\t\t<\/div>\n\t\t\t\t\t<\/div>\n\t\t\n<p><!--[row cols_nr=\"2\"][col size=\"4\"]\n\n\n<h3 id=\"kawiarnia-kolobrzeg\">Kawiarnia Ko\u0142obrzeg<\/h3>\n\n\n[\/col][col size=\"8\"]\n\n\n\n<address>\n\n\n<div><i class=\"fa fa-map-marker\"><\/i> Adres: ul. Mazowiecka 24, 78-100 Ko\u0142obrzeg<\/div>\n\n\n\n\n<div><i class=\"fa fa-phone\"><\/i> Telefon: 793 304 030<\/div>\n\n\n\n\n<div><i class=\"fa fa-envelope\"><\/i> Email: kawiarnia@coffeedesk.pl<\/div>\n\n\n\n\n<div><i class=\"fa fa-clock-o\"><\/i> Poniedzia\u0142ek - pi\u0105tek 7<sup>30<\/sup> - 20<sup>00<\/sup><\/div>\n\n\n\n\n<div><i class=\"fa fa-clock-o\"><\/i> Sobota 9<sup>00<\/sup> - 20<sup>00<\/sup><\/div>\n\n\n\n\n<div><i class=\"fa fa-clock-o\"><\/i> Niedziela 10<sup>00<\/sup> - 20<sup>00<\/sup><\/div>\n\n\n<\/address>\n\n[\/col][\/row]\n\n[row cols_nr=\"2\"][col size=\"4\"]\n\n\n<h3 id=\"kawiarnia-warszawa\">Kawiarnia Warszawa<\/h3>\n\n\n[\/col][col size=\"8\"]\n\n\n\n<address>\n\n\n<div><i class=\"fa fa-map-marker\"><\/i> Adres: ul. Wilcza 42, 00-679<\/div>\n\n\n\n\n<div><i class=\"fa fa-phone\"><\/i> Telefon: 690 909 590<\/div>\n\n\n\n\n<div><i class=\"fa fa-envelope\"><\/i> Email: kawiarnia@coffeedesk.pl<\/div>\n\n\n\n\n<div><i class=\"fa fa-clock-o\"><\/i> Poniedzia\u0142ek - pi\u0105tek: 7<sup>30<\/sup> - 21<sup>00<\/sup><\/div>\n\n\n\n\n<div><i class=\"fa fa-clock-o\"><\/i> Sobota - niedziela: 9<sup>00<\/sup> - 20<sup>00<\/sup><\/div>\n\n\n\n\n<div><\/div>\n\n\n<\/address>\n\n[\/col][\/row]--><\/p>\n\t\t\t<div class=\"pk-row\">\n\t\t\t\t\t\t\t<div class=\"pk-col-md-4\">\n\t\t\t\t\n<h3 id=\"all-good-s-a\">All Good S.A.<\/h3>\n\t\t\t<\/div>\n\t\t\t\t\t<div class=\"pk-col-md-8\">\n\t\t\t\t\n<address class=\"contactdetails\">\n<div><i class=\"fa fa-map-marker\"><\/i> Adres: ul. Mazowiecka 26E\/1, 78-100 Ko\u0142obrzeg<\/div>\n<div><i class=\"fa fa-phone\"><\/i> Telefon: 730 882 525<\/div>\n<div><i class=\"fa fa-envelope\"><\/i> Email: biuro@coffeedesk.pl<\/div>\n<\/address>\n<div>NIP 671 181 26 75<br \/>\nREGON 321281241<\/div>\n\t\t\t<\/div>\n\t\t\t\t\t<\/div>\n\t\t\n<div id=\"contact-map\"><\/div>\n\t\t\t<div class=\"pk-row\">\n\t\t\t\t\t\t\t<div class=\"pk-col-md-4\">\n\t\t\t\t\n<h3 id=\"napisz-do-nas\">Napisz do nas<\/h3>\n\t\t\t<\/div>\n\t\t\t\t\t<div class=\"pk-col-md-8\">\n\t\t\t\t\n\n<div class=\"wpcf7 no-js\" id=\"wpcf7-f663-o1\" lang=\"pl-PL\" dir=\"ltr\" data-wpcf7-id=\"663\">\n<div class=\"screen-reader-response\"><p role=\"status\" aria-live=\"polite\" aria-atomic=\"true\"><\/p> <ul><\/ul><\/div>\n<form action=\"\/wp-json\/wp\/v2\/pages\/530#wpcf7-f663-o1\" method=\"post\" class=\"wpcf7-form init\" aria-label=\"Formularz kontaktowy\" novalidate=\"novalidate\" data-status=\"init\">\n<fieldset class=\"hidden-fields-container\"><input type=\"hidden\" name=\"_wpcf7\" value=\"663\" \/><input type=\"hidden\" name=\"_wpcf7_version\" value=\"6.1.5\" \/><input type=\"hidden\" name=\"_wpcf7_locale\" value=\"pl_PL\" \/><input type=\"hidden\" name=\"_wpcf7_unit_tag\" value=\"wpcf7-f663-o1\" \/><input type=\"hidden\" name=\"_wpcf7_container_post\" value=\"0\" \/><input type=\"hidden\" name=\"_wpcf7_posted_data_hash\" value=\"\" \/><input type=\"hidden\" name=\"_wpcf7_recaptcha_response\" value=\"\" \/>\n<\/fieldset>\n<div id=\"contact-form\">\n\t<div class=\"sixcol first\">\n\t\t<p><span class=\"wpcf7-form-control-wrap\" data-name=\"form-name\"><input size=\"40\" maxlength=\"400\" class=\"wpcf7-form-control wpcf7-text wpcf7-validates-as-required\" aria-required=\"true\" aria-invalid=\"false\" placeholder=\"Imi\u0119 i nazwisko\" value=\"\" type=\"text\" name=\"form-name\" \/><\/span>\n\t\t<\/p>\n\t<\/div>\n\t<div class=\"sixcol last\">\n\t\t<p><span class=\"wpcf7-form-control-wrap\" data-name=\"form-email\"><input size=\"40\" maxlength=\"400\" class=\"wpcf7-form-control wpcf7-email wpcf7-validates-as-required wpcf7-text wpcf7-validates-as-email\" aria-required=\"true\" aria-invalid=\"false\" placeholder=\"Adres e-mail\" value=\"\" type=\"email\" name=\"form-email\" \/><\/span>\n\t\t<\/p>\n\t<\/div>\n\t<div class=\"clearfix\">\n\t<\/div>\n\t<div>\n\t\t<p><span class=\"wpcf7-form-control-wrap\" data-name=\"form-txt\"><textarea cols=\"40\" rows=\"10\" maxlength=\"2000\" class=\"wpcf7-form-control wpcf7-textarea wpcf7-validates-as-required\" aria-required=\"true\" aria-invalid=\"false\" placeholder=\"Tre\u015b\u0107 wiadomo\u015bci\" name=\"form-txt\"><\/textarea><\/span>\n\t\t<\/p>\n\t<\/div>\n\t<div class=\"rodo\">\n\t\t<p><span class=\"wpcf7-form-control-wrap\" data-name=\"rodo\"><span class=\"wpcf7-form-control wpcf7-acceptance\"><span class=\"wpcf7-list-item\"><label><input type=\"checkbox\" name=\"rodo\" value=\"1\" aria-invalid=\"false\" \/><span class=\"wpcf7-list-item-label\"><small>Zapozna\u0142em si\u0119 i akceptuj\u0119 <a href=\"\/\/www.coffeedesk.pl\/informacje\/polityka-prywatnosci\/\" target=\"_blank\">Polityk\u0119 Prywatno\u015bci<\/a><\/small><\/span><\/label><\/span><\/span><\/span>\n\t\t<\/p>\n\t<\/div>\n\t<div class=\"clearfix\">\n\t<\/div>\n\t<div class=\"sixcol first\">\n\t\n\t<\/div>\n\t<div class=\"sixcol last\">\n\t\t<p>R\u00f3\u017cowe pola s\u0105 obowi\u0105zkowe\n\t\t<\/p>\n\t\t<p><input class=\"wpcf7-form-control wpcf7-submit has-spinner form-submit\" type=\"submit\" value=\"Wy\u015blij\" \/>\n\t\t<\/p>\n\t<\/div>\n\t<div class=\"clearfix\">\n\t<\/div>\n<\/div><div class=\"wpcf7-response-output\" aria-hidden=\"true\"><\/div>\n<\/form>\n<\/div>\n\n\t\t\t<\/div>\n\t\t\t\t\t<\/div>\n\t\t\n","protected":false},"excerpt":{"rendered":"<div class=\"post-more\"><a href=\"https:\/\/www.coffeedesk.pl\/blog\/kontakt\/\" class=\"button button-primary button-effect\"><span>Czytaj wpis<\/span><span><i class=\"cs-icon cs-icon-arrow-right\"><\/i><\/span><\/a><\/div>\n","protected":false},"author":1,"featured_media":0,"parent":0,"menu_order":0,"comment_status":"closed","ping_status":"closed","template":"","meta":{"_acf_changed":false,"footnotes":""},"class_list":["post-530","page","type-page","status-publish"],"acf":[],"yoast_head":"<!-- This site is optimized with the Yoast SEO plugin v27.4 - https:\/\/yoast.com\/product\/yoast-seo-wordpress\/ -->\n<title>Kontakt - Blog Coffeedesk.pl<\/title>\n<meta name=\"robots\" content=\"index, follow, max-snippet:-1, max-image-preview:large, max-video-preview:-1\" \/>\n<link rel=\"canonical\" href=\"https:\/\/www.coffeedesk.pl\/blog\/kontakt\/\" \/>\n<meta property=\"og:locale\" content=\"pl_PL\" \/>\n<meta property=\"og:type\" content=\"article\" \/>\n<meta property=\"og:title\" content=\"Kontakt - Blog Coffeedesk.pl\" \/>\n<meta property=\"og:description\" content=\"Czytaj wpis\" \/>\n<meta property=\"og:url\" content=\"https:\/\/www.coffeedesk.pl\/blog\/kontakt\/\" \/>\n<meta property=\"og:site_name\" content=\"Blog Coffeedesk.pl\" \/>\n<meta property=\"article:modified_time\" content=\"2019-10-05T19:56:39+00:00\" \/>\n<meta name=\"twitter:card\" content=\"summary_large_image\" \/>\n<script type=\"application\/ld+json\" class=\"yoast-schema-graph\">{\"@context\":\"https:\\\/\\\/schema.org\",\"@graph\":[{\"@type\":\"WebPage\",\"@id\":\"https:\\\/\\\/www.coffeedesk.pl\\\/blog\\\/kontakt\\\/\",\"url\":\"https:\\\/\\\/www.coffeedesk.pl\\\/blog\\\/kontakt\\\/\",\"name\":\"Kontakt - Blog Coffeedesk.pl\",\"isPartOf\":{\"@id\":\"https:\\\/\\\/www.coffeedesk.pl\\\/blog\\\/#website\"},\"datePublished\":\"2016-05-24T13:46:45+00:00\",\"dateModified\":\"2019-10-05T19:56:39+00:00\",\"breadcrumb\":{\"@id\":\"https:\\\/\\\/www.coffeedesk.pl\\\/blog\\\/kontakt\\\/#breadcrumb\"},\"inLanguage\":\"pl-PL\",\"potentialAction\":[{\"@type\":\"ReadAction\",\"target\":[\"https:\\\/\\\/www.coffeedesk.pl\\\/blog\\\/kontakt\\\/\"]}]},{\"@type\":\"BreadcrumbList\",\"@id\":\"https:\\\/\\\/www.coffeedesk.pl\\\/blog\\\/kontakt\\\/#breadcrumb\",\"itemListElement\":[{\"@type\":\"ListItem\",\"position\":1,\"name\":\"Strona g\u0142\u00f3wna\",\"item\":\"https:\\\/\\\/www.coffeedesk.pl\\\/blog\\\/\"},{\"@type\":\"ListItem\",\"position\":2,\"name\":\"Kontakt\"}]},{\"@type\":\"WebSite\",\"@id\":\"https:\\\/\\\/www.coffeedesk.pl\\\/blog\\\/#website\",\"url\":\"https:\\\/\\\/www.coffeedesk.pl\\\/blog\\\/\",\"name\":\"Blog Coffeedesk.pl\",\"description\":\"\",\"publisher\":{\"@id\":\"https:\\\/\\\/www.coffeedesk.pl\\\/blog\\\/#organization\"},\"potentialAction\":[{\"@type\":\"SearchAction\",\"target\":{\"@type\":\"EntryPoint\",\"urlTemplate\":\"https:\\\/\\\/www.coffeedesk.pl\\\/blog\\\/?s={search_term_string}\"},\"query-input\":{\"@type\":\"PropertyValueSpecification\",\"valueRequired\":true,\"valueName\":\"search_term_string\"}}],\"inLanguage\":\"pl-PL\"},{\"@type\":\"Organization\",\"@id\":\"https:\\\/\\\/www.coffeedesk.pl\\\/blog\\\/#organization\",\"name\":\"Coffeedesk.pl\",\"url\":\"https:\\\/\\\/www.coffeedesk.pl\\\/blog\\\/\",\"logo\":{\"@type\":\"ImageObject\",\"inLanguage\":\"pl-PL\",\"@id\":\"https:\\\/\\\/www.coffeedesk.pl\\\/blog\\\/#\\\/schema\\\/logo\\\/image\\\/\",\"url\":\"https:\\\/\\\/www.coffeedesk.pl\\\/blog\\\/wp-content\\\/uploads\\\/2019\\\/10\\\/logo_color.png\",\"contentUrl\":\"https:\\\/\\\/www.coffeedesk.pl\\\/blog\\\/wp-content\\\/uploads\\\/2019\\\/10\\\/logo_color.png\",\"width\":246,\"height\":50,\"caption\":\"Coffeedesk.pl\"},\"image\":{\"@id\":\"https:\\\/\\\/www.coffeedesk.pl\\\/blog\\\/#\\\/schema\\\/logo\\\/image\\\/\"}}]}<\/script>\n<!-- \/ Yoast SEO plugin. -->","yoast_head_json":{"title":"Kontakt - Blog Coffeedesk.pl","robots":{"index":"index","follow":"follow","max-snippet":"max-snippet:-1","max-image-preview":"max-image-preview:large","max-video-preview":"max-video-preview:-1"},"canonical":"https:\/\/www.coffeedesk.pl\/blog\/kontakt\/","og_locale":"pl_PL","og_type":"article","og_title":"Kontakt - Blog Coffeedesk.pl","og_description":"Czytaj wpis","og_url":"https:\/\/www.coffeedesk.pl\/blog\/kontakt\/","og_site_name":"Blog Coffeedesk.pl","article_modified_time":"2019-10-05T19:56:39+00:00","twitter_card":"summary_large_image","schema":{"@context":"https:\/\/schema.org","@graph":[{"@type":"WebPage","@id":"https:\/\/www.coffeedesk.pl\/blog\/kontakt\/","url":"https:\/\/www.coffeedesk.pl\/blog\/kontakt\/","name":"Kontakt - Blog Coffeedesk.pl","isPartOf":{"@id":"https:\/\/www.coffeedesk.pl\/blog\/#website"},"datePublished":"2016-05-24T13:46:45+00:00","dateModified":"2019-10-05T19:56:39+00:00","breadcrumb":{"@id":"https:\/\/www.coffeedesk.pl\/blog\/kontakt\/#breadcrumb"},"inLanguage":"pl-PL","potentialAction":[{"@type":"ReadAction","target":["https:\/\/www.coffeedesk.pl\/blog\/kontakt\/"]}]},{"@type":"BreadcrumbList","@id":"https:\/\/www.coffeedesk.pl\/blog\/kontakt\/#breadcrumb","itemListElement":[{"@type":"ListItem","position":1,"name":"Strona g\u0142\u00f3wna","item":"https:\/\/www.coffeedesk.pl\/blog\/"},{"@type":"ListItem","position":2,"name":"Kontakt"}]},{"@type":"WebSite","@id":"https:\/\/www.coffeedesk.pl\/blog\/#website","url":"https:\/\/www.coffeedesk.pl\/blog\/","name":"Blog Coffeedesk.pl","description":"","publisher":{"@id":"https:\/\/www.coffeedesk.pl\/blog\/#organization"},"potentialAction":[{"@type":"SearchAction","target":{"@type":"EntryPoint","urlTemplate":"https:\/\/www.coffeedesk.pl\/blog\/?s={search_term_string}"},"query-input":{"@type":"PropertyValueSpecification","valueRequired":true,"valueName":"search_term_string"}}],"inLanguage":"pl-PL"},{"@type":"Organization","@id":"https:\/\/www.coffeedesk.pl\/blog\/#organization","name":"Coffeedesk.pl","url":"https:\/\/www.coffeedesk.pl\/blog\/","logo":{"@type":"ImageObject","inLanguage":"pl-PL","@id":"https:\/\/www.coffeedesk.pl\/blog\/#\/schema\/logo\/image\/","url":"https:\/\/www.coffeedesk.pl\/blog\/wp-content\/uploads\/2019\/10\/logo_color.png","contentUrl":"https:\/\/www.coffeedesk.pl\/blog\/wp-content\/uploads\/2019\/10\/logo_color.png","width":246,"height":50,"caption":"Coffeedesk.pl"},"image":{"@id":"https:\/\/www.coffeedesk.pl\/blog\/#\/schema\/logo\/image\/"}}]}},"_links":{"self":[{"href":"https:\/\/www.coffeedesk.pl\/blog\/wp-json\/wp\/v2\/pages\/530","targetHints":{"allow":["GET"]}}],"collection":[{"href":"https:\/\/www.coffeedesk.pl\/blog\/wp-json\/wp\/v2\/pages"}],"about":[{"href":"https:\/\/www.coffeedesk.pl\/blog\/wp-json\/wp\/v2\/types\/page"}],"author":[{"embeddable":true,"href":"https:\/\/www.coffeedesk.pl\/blog\/wp-json\/wp\/v2\/users\/1"}],"replies":[{"embeddable":true,"href":"https:\/\/www.coffeedesk.pl\/blog\/wp-json\/wp\/v2\/comments?post=530"}],"version-history":[{"count":11,"href":"https:\/\/www.coffeedesk.pl\/blog\/wp-json\/wp\/v2\/pages\/530\/revisions"}],"predecessor-version":[{"id":7377,"href":"https:\/\/www.coffeedesk.pl\/blog\/wp-json\/wp\/v2\/pages\/530\/revisions\/7377"}],"wp:attachment":[{"href":"https:\/\/www.coffeedesk.pl\/blog\/wp-json\/wp\/v2\/media?parent=530"}],"curies":[{"name":"wp","href":"https:\/\/api.w.org\/{rel}","templated":true}]}}